{"id":607,"date":"2022-11-12T14:41:48","date_gmt":"2022-11-12T13:41:48","guid":{"rendered":"https:\/\/en-en.polska.travel\/?page_id=607"},"modified":"2022-11-12T14:52:40","modified_gmt":"2022-11-12T13:52:40","slug":"kontakt","status":"publish","type":"page","link":"https:\/\/www.poland.travel\/en\/kontakt\/","title":{"rendered":"Kontakt"},"content":{"rendered":"\n<div class=\"wp-block-group is-style-container-medium\"><div class=\"wp-block-group__inner-container is-layout-constrained wp-block-group-is-layout-constrained\">\n<h1 class=\"is-style-heading-48 wp-block-heading\">Kontakt<\/h1>\n\n\n\n<p>Je\u017celi chcesz si\u0119 podzieli\u0107 z nami ciekaw\u0105 informacj\u0105 zwi\u0105zan\u0105 z turystyk\u0105 w Polsce (np. nowa atrakcja turystyczna, interesuj\u0105ce wydarzenie), kt\u00f3ra wed\u0142ug Ciebie powinna znale\u017a\u0107 si\u0119 w \u201eAktualno\u015bciach\u201d Narodowego Portalu Turystycznego, to wy\u015blij ten formularz, wybieraj\u0105c temat \u201ePodziel si\u0119 z nami newsem turystycznym\u201d i opisz t\u0119 informacj\u0119.<\/p>\n\n\n\n<p>Je\u017celi zauwa\u017cy\u0142e\u015b na Narodowym Portalu Turystycznym jaki\u015b b\u0142\u0105d czy nie\u015bcis\u0142o\u015b\u0107 lub masz jakie\u015b uwagi \/ sugestie, to wy\u015blij ten formularz, wybieraj\u0105c temat \u201eZg\u0142oszenie b\u0142\u0119du na stronie\u201d i opisz to.<\/p>\n<\/div><\/div>\n\n\n\n<div style=\"height:100px\" aria-hidden=\"true\" class=\"wp-block-spacer is-style-spacer-medium\"><\/div>\n\n\n\n<div class=\"wp-block-group is-style-container-small\"><div class=\"wp-block-group__inner-container is-layout-constrained wp-block-group-is-layout-constrained\">\n<h2 class=\"is-style-heading-38 wp-block-heading\">Wype\u0142nij formularz<\/h2>\n\n\n\n<div style=\"height:100px\" aria-hidden=\"true\" class=\"wp-block-spacer is-style-spacer-small\"><\/div>\n\n\n\n<div class=\"contact\">\n    <div class=\"contact__form contact__form--no-bg\">\n    \n<div class=\"wpcf7 no-js\" id=\"wpcf7-f307-o1\" lang=\"pl-PL\" dir=\"ltr\" data-wpcf7-id=\"307\">\n<div class=\"screen-reader-response\"><p role=\"status\" aria-live=\"polite\" aria-atomic=\"true\"><\/p> <ul><\/ul><\/div>\n<form action=\"\/en\/wp-json\/wp\/v2\/pages\/607#wpcf7-f307-o1\" method=\"post\" class=\"wpcf7-form init wpcf7-acceptance-as-validation\" aria-label=\"Formularz kontaktowy\" novalidate=\"novalidate\" data-status=\"init\">\n<fieldset class=\"hidden-fields-container\"><input type=\"hidden\" name=\"_wpcf7\" value=\"307\" \/><input type=\"hidden\" name=\"_wpcf7_version\" value=\"6.1.5\" \/><input type=\"hidden\" name=\"_wpcf7_locale\" value=\"pl_PL\" \/><input type=\"hidden\" name=\"_wpcf7_unit_tag\" value=\"wpcf7-f307-o1\" \/><input type=\"hidden\" name=\"_wpcf7_container_post\" value=\"0\" \/><input type=\"hidden\" name=\"_wpcf7_posted_data_hash\" value=\"\" \/><input type=\"hidden\" name=\"_wpcf7_recaptcha_response\" value=\"\" \/>\n<\/fieldset>\n<label class=\"field\"> \n<div class=\"field__label\">Name and surname<\/div>\n<div class=\"field__field\"><span class=\"wpcf7-form-control-wrap\" data-name=\"your-name\"><input size=\"40\" maxlength=\"400\" class=\"wpcf7-form-control wpcf7-text wpcf7-validates-as-required\" aria-required=\"true\" aria-invalid=\"false\" placeholder=\"Name and surname\" value=\"\" type=\"text\" name=\"your-name\" \/><\/span><\/div>\n<\/label>\n\n<label class=\"field\"> \n<div class=\"field__label\">E-mail<\/div>\n<div class=\"field__field\"><span class=\"wpcf7-form-control-wrap\" data-name=\"your-email\"><input size=\"40\" maxlength=\"400\" class=\"wpcf7-form-control wpcf7-email wpcf7-validates-as-required wpcf7-text wpcf7-validates-as-email\" aria-required=\"true\" aria-invalid=\"false\" placeholder=\"Your e-mail address\" value=\"\" type=\"email\" name=\"your-email\" \/><\/span><\/div>\n<\/label>\n\n<div class=\"field__label\">Choose your market<\/div>\n<span class=\"wpcf7-form-control-wrap\" data-name=\"radio-kraj\"><span class=\"wpcf7-form-control wpcf7-radio\"><span class=\"wpcf7-list-item first\"><label><input type=\"radio\" name=\"radio-kraj\" value=\"USA\" \/><span class=\"wpcf7-list-item-label\">USA<\/span><\/label><\/span><span class=\"wpcf7-list-item\"><label><input type=\"radio\" name=\"radio-kraj\" value=\"Great Britain\" \/><span class=\"wpcf7-list-item-label\">Great Britain<\/span><\/label><\/span><span class=\"wpcf7-list-item last\"><label><input type=\"radio\" name=\"radio-kraj\" value=\"India\" \/><span class=\"wpcf7-list-item-label\">India<\/span><\/label><\/span><\/span><\/span>\n\n<label class=\"field\"> \n<div class=\"field__label\">Subject<\/div>\n<div class=\"field__field\"><span class=\"wpcf7-form-control-wrap\" data-name=\"subject\"><select class=\"wpcf7-form-control wpcf7-select\" aria-invalid=\"false\" name=\"subject\"><option value=\"Select topic\">Select topic<\/option><option value=\"Request for information\">Request for information<\/option><option value=\"I have found incorrect information\">I have found incorrect information<\/option><option value=\"Share the news\">Share the news<\/option><\/select><\/span><\/div>\n<\/label>\n\n<label class=\"field\"> \n<div class=\"field__label\">Content<\/div>\n<div class=\"field__field\"><span class=\"wpcf7-form-control-wrap\" data-name=\"your-message\"><textarea cols=\"40\" rows=\"10\" maxlength=\"2000\" class=\"wpcf7-form-control wpcf7-textarea\" aria-invalid=\"false\" placeholder=\"Content\" name=\"your-message\"><\/textarea><\/span><\/div>\n<\/label>\n\n<label class=\"field\">\n<div class=\"field__field\"><span class=\"wpcf7-form-control-wrap\" data-name=\"honeypot\"><input size=\"40\" maxlength=\"400\" class=\"wpcf7-form-control wpcf7-text honeypot\" aria-invalid=\"false\" value=\"\" type=\"text\" name=\"honeypot\" \/><\/span><\/div>\n<\/label>\n\n<label class=\"field\">\n<div class=\"field__label\">How much is 2 + 3?<\/div>\n<div class=\"field__field\"><span class=\"wpcf7-form-control-wrap\" data-name=\"math-question\"><input size=\"40\" maxlength=\"400\" class=\"wpcf7-form-control wpcf7-text wpcf7-validates-as-required\" aria-required=\"true\" aria-invalid=\"false\" value=\"\" type=\"text\" name=\"math-question\" \/><\/span><\/div>\n<\/label>\n\n\n<div class=\"checkbox-wrapper\">\n<span class=\"wpcf7-form-control-wrap\" data-name=\"agree-2\"><span class=\"wpcf7-form-control wpcf7-acceptance\"><span class=\"wpcf7-list-item\"><label><input type=\"checkbox\" name=\"agree-2\" value=\"1\" aria-invalid=\"false\" \/><span class=\"wpcf7-list-item-label\"><span class=\"required-info\">*<\/span> <strong>According to art. 6 par. 1 lit. a) of the General Data Protection Regulation from April 27th, 2016, I agree to the processing by the Polish Tourism Organization based in Warsaw, ul. M\u0142ynarska 42, my personal data contained in the form in order to reply to the sent message.<\/strong><\/span><\/label><\/span><\/span><\/span>\n<\/div>\n\n\n\n<div class=\"checkbox-wrapper\">\n<span class=\"wpcf7-form-control-wrap\" data-name=\"agree-2\"><span class=\"wpcf7-form-control wpcf7-acceptance\"><span class=\"wpcf7-list-item\"><label><input type=\"checkbox\" name=\"agree-2\" value=\"1\" aria-invalid=\"false\" \/><span class=\"wpcf7-list-item-label\"><span class=\"required-info\">*<\/span> <strong>I have familiarized myself with the information regarding the administrator and personal data processing.\nThe consent is voluntary and may be withdrawn at any time by sending an e-mail to our data protection officer (dpo@pot.gov.pl) from the e-mail address to which the consent relates. Lack of consent to the processing of data prevents us from responding to the message.\n\nThe information regarding the administrator and personal data processing<\/strong><\/span><\/label><\/span><\/span><\/span>\n<\/div>\n\n<div class=\"text-right relative\">\n\n<button type=\"submit\" class=\"wpcf7-form-control has-spinner wpcf7-submit btn btn--blue btn--send\">Send a message<\/button>\n<div class=\"wpcf7-response-output\" aria-hidden=\"true\"><\/div>\n\n<\/div>\n<\/form>\n<\/div>\n  <\/div>\n<\/div>\n<\/div><\/div>\n","protected":false},"excerpt":{"rendered":"<p>Kontakt Je\u017celi chcesz si\u0119 podzieli\u0107 z nami ciekaw\u0105 informacj\u0105 zwi\u0105zan\u0105 z turystyk\u0105 w Polsce (np. nowa atrakcja turystyczna, interesuj\u0105ce wydarzenie), kt\u00f3ra wed\u0142ug Ciebie powinna znale\u017a\u0107 si\u0119 w \u201eAktualno\u015bciach\u201d Narodowego Portalu Turystycznego, to wy\u015blij ten formularz, wybieraj\u0105c temat \u201ePodziel si\u0119 z nami newsem turystycznym\u201d i opisz t\u0119 informacj\u0119. Je\u017celi zauwa\u017cy\u0142e\u015b na Narodowym Portalu Turystycznym jaki\u015b b\u0142\u0105d [&hellip;]<\/p>\n","protected":false},"author":1,"featured_media":0,"parent":0,"menu_order":0,"comment_status":"closed","ping_status":"closed","template":"","meta":{"_acf_changed":false,"footnotes":""},"class_list":["post-607","page","type-page","status-publish","hentry"],"acf":[],"yoast_head":"<!-- This site is optimized with the Yoast SEO plugin v27.4 - https:\/\/yoast.com\/product\/yoast-seo-wordpress\/ -->\n<title>Kontakt - Poland Travel (EN)<\/title>\n<meta name=\"robots\" content=\"index, follow, max-snippet:-1, max-image-preview:large, max-video-preview:-1\" \/>\n<link rel=\"canonical\" href=\"https:\/\/www.poland.travel\/en\/kontakt\/\" \/>\n<meta property=\"og:locale\" content=\"pl_PL\" \/>\n<meta property=\"og:type\" content=\"article\" \/>\n<meta property=\"og:title\" content=\"Kontakt - Poland Travel (EN)\" \/>\n<meta property=\"og:description\" content=\"Kontakt Je\u017celi chcesz si\u0119 podzieli\u0107 z nami ciekaw\u0105 informacj\u0105 zwi\u0105zan\u0105 z turystyk\u0105 w Polsce (np. nowa atrakcja turystyczna, interesuj\u0105ce wydarzenie), kt\u00f3ra wed\u0142ug Ciebie powinna znale\u017a\u0107 si\u0119 w \u201eAktualno\u015bciach\u201d Narodowego Portalu Turystycznego, to wy\u015blij ten formularz, wybieraj\u0105c temat \u201ePodziel si\u0119 z nami newsem turystycznym\u201d i opisz t\u0119 informacj\u0119. Je\u017celi zauwa\u017cy\u0142e\u015b na Narodowym Portalu Turystycznym jaki\u015b b\u0142\u0105d [&hellip;]\" \/>\n<meta property=\"og:url\" content=\"https:\/\/www.poland.travel\/en\/kontakt\/\" \/>\n<meta property=\"og:site_name\" content=\"Poland Travel (EN)\" \/>\n<meta property=\"article:modified_time\" content=\"2022-11-12T13:52:40+00:00\" \/>\n<meta name=\"twitter:card\" content=\"summary_large_image\" \/>\n<meta name=\"twitter:label1\" content=\"Szacowany czas czytania\" \/>\n\t<meta name=\"twitter:data1\" content=\"1 minuta\" \/>\n<script type=\"application\/ld+json\" class=\"yoast-schema-graph\">{\"@context\":\"https:\\\/\\\/schema.org\",\"@graph\":[{\"@type\":\"WebPage\",\"@id\":\"https:\\\/\\\/www.poland.travel\\\/en\\\/kontakt\\\/\",\"url\":\"https:\\\/\\\/www.poland.travel\\\/en\\\/kontakt\\\/\",\"name\":\"Kontakt - Poland Travel (EN)\",\"isPartOf\":{\"@id\":\"https:\\\/\\\/www.poland.travel\\\/en\\\/#website\"},\"datePublished\":\"2022-11-12T13:41:48+00:00\",\"dateModified\":\"2022-11-12T13:52:40+00:00\",\"breadcrumb\":{\"@id\":\"https:\\\/\\\/www.poland.travel\\\/en\\\/kontakt\\\/#breadcrumb\"},\"inLanguage\":\"pl-PL\",\"potentialAction\":[{\"@type\":\"ReadAction\",\"target\":[\"https:\\\/\\\/www.poland.travel\\\/en\\\/kontakt\\\/\"]}]},{\"@type\":\"BreadcrumbList\",\"@id\":\"https:\\\/\\\/www.poland.travel\\\/en\\\/kontakt\\\/#breadcrumb\",\"itemListElement\":[{\"@type\":\"ListItem\",\"position\":1,\"name\":\"Home page\",\"item\":\"https:\\\/\\\/www.poland.travel\\\/en\\\/\"},{\"@type\":\"ListItem\",\"position\":2,\"name\":\"Kontakt\"}]},{\"@type\":\"WebSite\",\"@id\":\"https:\\\/\\\/www.poland.travel\\\/en\\\/#website\",\"url\":\"https:\\\/\\\/www.poland.travel\\\/en\\\/\",\"name\":\"Poland Travel (EN)\",\"description\":\"...\",\"publisher\":{\"@id\":\"https:\\\/\\\/www.poland.travel\\\/en\\\/#organization\"},\"potentialAction\":[{\"@type\":\"SearchAction\",\"target\":{\"@type\":\"EntryPoint\",\"urlTemplate\":\"https:\\\/\\\/www.poland.travel\\\/en\\\/?s={search_term_string}\"},\"query-input\":{\"@type\":\"PropertyValueSpecification\",\"valueRequired\":true,\"valueName\":\"search_term_string\"}}],\"inLanguage\":\"pl-PL\"},{\"@type\":\"Organization\",\"@id\":\"https:\\\/\\\/www.poland.travel\\\/en\\\/#organization\",\"name\":\"Poland Travel (EN)\",\"url\":\"https:\\\/\\\/www.poland.travel\\\/en\\\/\",\"logo\":{\"@type\":\"ImageObject\",\"inLanguage\":\"pl-PL\",\"@id\":\"https:\\\/\\\/www.poland.travel\\\/en\\\/#\\\/schema\\\/logo\\\/image\\\/\",\"url\":\"\",\"contentUrl\":\"\",\"caption\":\"Poland Travel (EN)\"},\"image\":{\"@id\":\"https:\\\/\\\/www.poland.travel\\\/en\\\/#\\\/schema\\\/logo\\\/image\\\/\"}}]}<\/script>\n<!-- \/ Yoast SEO plugin. -->","yoast_head_json":{"title":"Kontakt - Poland Travel (EN)","robots":{"index":"index","follow":"follow","max-snippet":"max-snippet:-1","max-image-preview":"max-image-preview:large","max-video-preview":"max-video-preview:-1"},"canonical":"https:\/\/www.poland.travel\/en\/kontakt\/","og_locale":"pl_PL","og_type":"article","og_title":"Kontakt - Poland Travel (EN)","og_description":"Kontakt Je\u017celi chcesz si\u0119 podzieli\u0107 z nami ciekaw\u0105 informacj\u0105 zwi\u0105zan\u0105 z turystyk\u0105 w Polsce (np. nowa atrakcja turystyczna, interesuj\u0105ce wydarzenie), kt\u00f3ra wed\u0142ug Ciebie powinna znale\u017a\u0107 si\u0119 w \u201eAktualno\u015bciach\u201d Narodowego Portalu Turystycznego, to wy\u015blij ten formularz, wybieraj\u0105c temat \u201ePodziel si\u0119 z nami newsem turystycznym\u201d i opisz t\u0119 informacj\u0119. Je\u017celi zauwa\u017cy\u0142e\u015b na Narodowym Portalu Turystycznym jaki\u015b b\u0142\u0105d [&hellip;]","og_url":"https:\/\/www.poland.travel\/en\/kontakt\/","og_site_name":"Poland Travel (EN)","article_modified_time":"2022-11-12T13:52:40+00:00","twitter_card":"summary_large_image","twitter_misc":{"Szacowany czas czytania":"1 minuta"},"schema":{"@context":"https:\/\/schema.org","@graph":[{"@type":"WebPage","@id":"https:\/\/www.poland.travel\/en\/kontakt\/","url":"https:\/\/www.poland.travel\/en\/kontakt\/","name":"Kontakt - Poland Travel (EN)","isPartOf":{"@id":"https:\/\/www.poland.travel\/en\/#website"},"datePublished":"2022-11-12T13:41:48+00:00","dateModified":"2022-11-12T13:52:40+00:00","breadcrumb":{"@id":"https:\/\/www.poland.travel\/en\/kontakt\/#breadcrumb"},"inLanguage":"pl-PL","potentialAction":[{"@type":"ReadAction","target":["https:\/\/www.poland.travel\/en\/kontakt\/"]}]},{"@type":"BreadcrumbList","@id":"https:\/\/www.poland.travel\/en\/kontakt\/#breadcrumb","itemListElement":[{"@type":"ListItem","position":1,"name":"Home page","item":"https:\/\/www.poland.travel\/en\/"},{"@type":"ListItem","position":2,"name":"Kontakt"}]},{"@type":"WebSite","@id":"https:\/\/www.poland.travel\/en\/#website","url":"https:\/\/www.poland.travel\/en\/","name":"Poland Travel (EN)","description":"...","publisher":{"@id":"https:\/\/www.poland.travel\/en\/#organization"},"potentialAction":[{"@type":"SearchAction","target":{"@type":"EntryPoint","urlTemplate":"https:\/\/www.poland.travel\/en\/?s={search_term_string}"},"query-input":{"@type":"PropertyValueSpecification","valueRequired":true,"valueName":"search_term_string"}}],"inLanguage":"pl-PL"},{"@type":"Organization","@id":"https:\/\/www.poland.travel\/en\/#organization","name":"Poland Travel (EN)","url":"https:\/\/www.poland.travel\/en\/","logo":{"@type":"ImageObject","inLanguage":"pl-PL","@id":"https:\/\/www.poland.travel\/en\/#\/schema\/logo\/image\/","url":"","contentUrl":"","caption":"Poland Travel (EN)"},"image":{"@id":"https:\/\/www.poland.travel\/en\/#\/schema\/logo\/image\/"}}]}},"_links":{"self":[{"href":"https:\/\/www.poland.travel\/en\/wp-json\/wp\/v2\/pages\/607","targetHints":{"allow":["GET"]}}],"collection":[{"href":"https:\/\/www.poland.travel\/en\/wp-json\/wp\/v2\/pages"}],"about":[{"href":"https:\/\/www.poland.travel\/en\/wp-json\/wp\/v2\/types\/page"}],"author":[{"embeddable":true,"href":"https:\/\/www.poland.travel\/en\/wp-json\/wp\/v2\/users\/1"}],"replies":[{"embeddable":true,"href":"https:\/\/www.poland.travel\/en\/wp-json\/wp\/v2\/comments?post=607"}],"version-history":[{"count":13,"href":"https:\/\/www.poland.travel\/en\/wp-json\/wp\/v2\/pages\/607\/revisions"}],"predecessor-version":[{"id":620,"href":"https:\/\/www.poland.travel\/en\/wp-json\/wp\/v2\/pages\/607\/revisions\/620"}],"wp:attachment":[{"href":"https:\/\/www.poland.travel\/en\/wp-json\/wp\/v2\/media?parent=607"}],"curies":[{"name":"wp","href":"https:\/\/api.w.org\/{rel}","templated":true}]}}